{"id":91,"date":"2021-02-12T01:34:13","date_gmt":"2021-02-12T08:34:13","guid":{"rendered":"https:\/\/wasatchlatinocoalition.org\/?page_id=91"},"modified":"2021-08-16T18:12:51","modified_gmt":"2021-08-17T00:12:51","slug":"covid-19-resources","status":"publish","type":"page","link":"https:\/\/wasatchlatinocoalition.org\/es\/covid-19-resources\/","title":{"rendered":"RECURSOS COVID-19"},"content":{"rendered":"<h2 class=\"has-cyan-bluish-gray-background-color has-background wp-block-heading\">Recent Posts<\/h2>\n\n\n<ul class=\"wp-block-latest-posts__list has-dates wp-block-latest-posts\"><li><a class=\"wp-block-latest-posts__post-title\" href=\"https:\/\/wasatchlatinocoalition.org\/es\/2021\/10\/26\/do-you-need-rental-assistance\/\">Do You Need Rental Assistance?<\/a><time datetime=\"2021-10-26T20:15:26-06:00\" class=\"wp-block-latest-posts__post-date\">octubre 26, 2021<\/time><div class=\"wp-block-latest-posts__post-excerpt\">Resources for renters who are unable to pay rent or utilities due to COVID-19.<\/div><\/li>\n<li><a class=\"wp-block-latest-posts__post-title\" href=\"https:\/\/wasatchlatinocoalition.org\/es\/2021\/08\/16\/cdc-clears-way-for-additional-dose-of-covid-19-vaccine\/\">CDC Clears Way for Additional Dose of COVID-19 Vaccine<\/a><time datetime=\"2021-08-16T21:02:46-06:00\" class=\"wp-block-latest-posts__post-date\">agosto 16, 2021<\/time><div class=\"wp-block-latest-posts__post-excerpt\">CDC cleared the way for people who are immunocompromised to receive an additional dose of the Pfizer-BioNTech or Moderna COVID-19 vaccines.\u00a0<\/div><\/li>\n<li><a class=\"wp-block-latest-posts__post-title\" href=\"https:\/\/wasatchlatinocoalition.org\/es\/2021\/08\/16\/back-to-school-lets-talk-about-mental-health-and-covid-19\/\">Regreso a la escuela: Hablemos de salud mental en tiempos de COVID-19<\/a><time datetime=\"2021-08-16T17:49:47-06:00\" class=\"wp-block-latest-posts__post-date\">agosto 16, 2021<\/time><div class=\"wp-block-latest-posts__post-excerpt\">An online conversation about the mental health challenges children face while being in school during COVID-19. <\/div><\/li>\n<li><a class=\"wp-block-latest-posts__post-title\" href=\"https:\/\/wasatchlatinocoalition.org\/es\/2021\/04\/08\/university-of-utah-health-covid-19-newsletter-4-5-2021\/\">Bolet\u00edn de salud COVID-19 de la Universidad de Utah 4-5-2021<\/a><time datetime=\"2021-04-08T23:02:04-06:00\" class=\"wp-block-latest-posts__post-date\">abril 8, 2021<\/time><div class=\"wp-block-latest-posts__post-excerpt\">Informaci\u00f3n sobre COVID-19 de salud de la Universidad de Utah 4-5-2021<\/div><\/li>\n<li><a class=\"wp-block-latest-posts__post-title\" href=\"https:\/\/wasatchlatinocoalition.org\/es\/2021\/03\/24\/resources-news-to-share\/\">Resources &#038; News You Can Use<\/a><time datetime=\"2021-03-24T20:14:00-06:00\" class=\"wp-block-latest-posts__post-date\">marzo 24, 2021<\/time><div class=\"wp-block-latest-posts__post-excerpt\">Thanks to the community organizations and our Wasatch Latino Coalition members for sharing news and resources we can all share with our networks. We will update this post each week. If you have a resource or an event to share, please send an email to resources@wasatchlatinocoalition.org. Update: 3-24-2021 Wasatch County COVID-19 Update March 22nd Most&#8230; <a class=\"wp-block-latest-posts__read-more\" href=\"https:\/\/wasatchlatinocoalition.org\/es\/2021\/03\/24\/resources-news-to-share\/\" rel=\"noopener noreferrer\">Lee m\u00e1s<span class=\"screen-reader-text\">: Resources &#038; News You Can Use<\/span><\/a><\/div><\/li>\n<\/ul>\n\n\n<h2 class=\"has-cyan-bluish-gray-background-color has-background wp-block-heading\" id=\"COVID-19-resources\">RECURSOS COVID-19<\/h2>\n\n\n\n<h2 class=\"wp-block-heading\">16 Years and Older Can Now Get the COVID-19 Vaccine<\/h2>\n\n\n\n<p>Good News! As of March 24, 2021, all individuals 16 years and older are eligible for the COVID-19 vaccine. To schedule an appointment, call the Wasatch County Health Department at 435-657-3276. Visit <a href=\"http:\/\/coronavirus.wasatch.utah.gov\/Vaccine\">coronavirus.wasatch.utah.gov\/Vaccine<\/a> for more information about scheduling, vaccines, and additional clinics in Utah.<\/p>\n\n\n\n<h2 class=\"wp-block-heading\">What To Expect After Getting a COVID-19 Vaccine<\/h2>\n\n\n\n<p>The CDC shares some information on this <a rel=\"noreferrer noopener\" href=\"https:\/\/www.cdc.gov\/coronavirus\/2019-ncov\/vaccines\/expect\/after.html\" data-type=\"URL\" data-id=\"https:\/\/www.cdc.gov\/coronavirus\/2019-ncov\/vaccines\/expect\/after.html\" target=\"_blank\">website <\/a>about what to expect after getting a COVID-19 vaccine. You can also download flyers with this information below. <\/p>\n\n\n\n<p>Los CDC comparten informaci\u00f3n en este <a href=\"https:\/\/espanol.cdc.gov\/coronavirus\/2019-ncov\/vaccines\/expect\/after.html\" data-type=\"URL\" data-id=\"https:\/\/espanol.cdc.gov\/coronavirus\/2019-ncov\/vaccines\/expect\/after.html\" target=\"_blank\" rel=\"noreferrer noopener\">sitio web<\/a> sobre qu\u00e9 esperar despu\u00e9s de recibir la vacuna COVID-19. Tambi\u00e9n puede descargar folletos con esta informaci\u00f3n a continuaci\u00f3n.<\/p>\n\n\n\n<div class=\"wp-block-file\"><a href=\"https:\/\/wasatchlatinocoalition.org\/wp-content\/uploads\/2021\/02\/CDC-What-to-Expect-Vaccine-Eng.pdf\">What to Expect After COVID-19 Flyer (English)<\/a><a href=\"https:\/\/wasatchlatinocoalition.org\/wp-content\/uploads\/2021\/02\/CDC-What-to-Expect-Vaccine-Eng.pdf\" class=\"wp-block-file__button\" download>Descargar<\/a><\/div>\n\n\n\n<div class=\"wp-block-file\"><a href=\"https:\/\/wasatchlatinocoalition.org\/wp-content\/uploads\/2021\/02\/CDC-What-to-Expect-Vaccine-Spanish.pdf\">CDC What to Expect After COVID-19 Flyer (Spanish)<\/a><a href=\"https:\/\/wasatchlatinocoalition.org\/wp-content\/uploads\/2021\/02\/CDC-What-to-Expect-Vaccine-Spanish.pdf\" class=\"wp-block-file__button\" download>Descargar<\/a><\/div>\n\n\n\n<hr class=\"wp-block-separator is-style-wide\"\/>\n\n\n\n<h2 class=\"wp-block-heading\" id=\"coronavirus\">Coronavirus Information (Informaci\u00f3n del Coronavirus)<\/h2>\n\n\n\n<p><strong>Utah Coronavirus Information Line:<\/strong> If you have symptoms, stay at home and call 1-800-456-7707 to see if you can be tested and where to go. You can also call your primary healthcare provider<br><br><strong>L\u00ednea de Informaci\u00f3n del Coronavirus de Utah<\/strong>: Si tiene s\u00edntomas, qu\u00e9dese en casa y llame al 1-800-456-7707 para ver si puede hacerse la prueba y recibir instrucciones a d\u00f3nde ir. Tambi\u00e9n puede llamar a su proveedor de atenci\u00f3n m\u00e9dica.<\/p>\n\n\n\n<hr class=\"wp-block-separator is-style-dots\"\/>\n\n\n\n<p><strong>Wasatch County<\/strong>: For up-to-date information, we invite you to follow the Wasatch County Coronavirus webpage. coronoavirus.wasatch.utah.gov<\/p>\n\n\n\n<p><strong>condado de Wasatch<\/strong>: Para obtener informaci\u00f3n actualizada, lo invitamos a seguir la p\u00e1gina web de coronavirus del condado de Wasatch. coronoavirus.wasatch.utah.gov<\/p>\n\n\n\n<hr class=\"wp-block-separator is-style-wide\"\/>\n\n\n\n<h2 class=\"wp-block-heading\">Centers for Disease Control and Prevention (Centros para el Control y Prevenci\u00f3n de Enfermedades)<\/h2>\n\n\n\n<p>CDC is responding to the coronavirus outbreak. Learn more about COVID-19. www.cdc.gov<\/p>\n\n\n\n<p>Los CDC est\u00e1n respondiendo al brote de coronavirus. Obtenga m\u00e1s informaci\u00f3n sobre COVID-19. www.cdc.gov\/spanish\/<\/p>\n\n\n\n<hr class=\"wp-block-separator is-style-wide\"\/>\n\n\n\n<h2 class=\"wp-block-heading\">Banks Offering Relief to Customers Affected by Coronavirus <strong>(Bancos que ofrecen alivio a los clientes afectados por el coronavirus<\/strong>)<\/h2>\n\n\n\n<p><a href=\"https:\/\/www.forbes.com\/sites\/advisor\/2020\/04\/03\/list-of-banks-offering-relief-to-customers-affected-by-coronavirus-covid-19\/?sh=50e0d1374efa\" data-type=\"URL\" data-id=\"https:\/\/www.forbes.com\/sites\/advisor\/2020\/04\/03\/list-of-banks-offering-relief-to-customers-affected-by-coronavirus-covid-19\/?sh=50e0d1374efa\" target=\"_blank\" rel=\"noreferrer noopener\">List Of Banks Offering Relief To Customers Affected By Coronavirus (COVID-19) <\/a><\/p>\n\n\n\n<hr class=\"wp-block-separator is-style-wide\"\/>\n\n\n\n<h2 class=\"wp-block-heading\" id=\"unemployment-insurance\">Unemployment Insurance<\/h2>\n\n\n\n<p>If you are an employee negatively impacted by COVID-19 because you are sick or otherwise unable to go to work due to the virus, you can apply for unemployment insurance.<\/p>\n\n\n\n<p>Si usted es un empleado afectado negativamente por COVID-19 porque est\u00e1 enfermo o no puede ir a trabajar debido al virus, puede solicitar un seguro de desempleo.<\/p>\n\n\n\n<ul class=\"wp-block-list\"><li><a rel=\"noreferrer noopener\" href=\"http:\/\/jobs.utah.gov\/ui\/home\" data-type=\"URL\" data-id=\"jobs.utah.gov\/ui\/home\" target=\"_blank\">jobs.utah.gov\/ui\/home<\/a><\/li><li><a href=\"http:\/\/www.benefits.gov\/benefit\/1823\" data-type=\"URL\" data-id=\"www.benefits.gov\/benefit\/1823\" target=\"_blank\" rel=\"noreferrer noopener\">www.benefits.gov\/benefit\/1823<\/a><\/li><\/ul>\n\n\n\n<hr class=\"wp-block-separator is-style-wide\"\/>","protected":false},"excerpt":{"rendered":"<p>Coronavirus Information (Informaci\u00f3n del Coronavirus)<\/p>","protected":false},"author":1,"featured_media":0,"parent":0,"menu_order":0,"comment_status":"closed","ping_status":"closed","template":"","meta":{"nf_dc_page":"","om_disable_all_campaigns":false,"_monsterinsights_skip_tracking":false,"_monsterinsights_sitenote_active":false,"_monsterinsights_sitenote_note":"","_monsterinsights_sitenote_category":0,"_EventAllDay":false,"_EventTimezone":"","_EventStartDate":"","_EventEndDate":"","_EventStartDateUTC":"","_EventEndDateUTC":"","_EventShowMap":false,"_EventShowMapLink":false,"_EventURL":"","_EventCost":"","_EventCostDescription":"","_EventCurrencySymbol":"","_EventCurrencyCode":"","_EventCurrencyPosition":"","_EventDateTimeSeparator":"","_EventTimeRangeSeparator":"","_EventOrganizerID":[],"_EventVenueID":[],"_OrganizerEmail":"","_OrganizerPhone":"","_OrganizerWebsite":"","_VenueAddress":"","_VenueCity":"","_VenueCountry":"","_VenueProvince":"","_VenueState":"","_VenueZip":"","_VenuePhone":"","_VenueURL":"","_VenueStateProvince":"","_VenueLat":"","_VenueLng":"","_VenueShowMap":false,"_VenueShowMapLink":false,"footnotes":""},"class_list":["post-91","page","type-page","status-publish","hentry"],"aioseo_notices":[],"jetpack_sharing_enabled":true,"_links":{"self":[{"href":"https:\/\/wasatchlatinocoalition.org\/es\/wp-json\/wp\/v2\/pages\/91","targetHints":{"allow":["GET"]}}],"collection":[{"href":"https:\/\/wasatchlatinocoalition.org\/es\/wp-json\/wp\/v2\/pages"}],"about":[{"href":"https:\/\/wasatchlatinocoalition.org\/es\/wp-json\/wp\/v2\/types\/page"}],"author":[{"embeddable":true,"href":"https:\/\/wasatchlatinocoalition.org\/es\/wp-json\/wp\/v2\/users\/1"}],"replies":[{"embeddable":true,"href":"https:\/\/wasatchlatinocoalition.org\/es\/wp-json\/wp\/v2\/comments?post=91"}],"version-history":[{"count":11,"href":"https:\/\/wasatchlatinocoalition.org\/es\/wp-json\/wp\/v2\/pages\/91\/revisions"}],"predecessor-version":[{"id":883,"href":"https:\/\/wasatchlatinocoalition.org\/es\/wp-json\/wp\/v2\/pages\/91\/revisions\/883"}],"wp:attachment":[{"href":"https:\/\/wasatchlatinocoalition.org\/es\/wp-json\/wp\/v2\/media?parent=91"}],"curies":[{"name":"wp","href":"https:\/\/api.w.org\/{rel}","templated":true}]}}